{"id":17,"date":"2018-05-29T11:14:04","date_gmt":"2018-05-29T11:14:04","guid":{"rendered":"http:\/\/xtratheme.com\/default\/?page_id=17"},"modified":"2026-04-25T12:01:26","modified_gmt":"2026-04-25T12:01:26","slug":"contact-us","status":"publish","type":"page","link":"https:\/\/ramoclinic.net\/en\/contact-us\/","title":{"rendered":"Contact Us"},"content":{"rendered":"\t\t<div data-elementor-type=\"wp-page\" data-elementor-id=\"17\" class=\"elementor elementor-17\">\n\t\t\t\t\t\t<section class=\"elementor-section elementor-top-section elementor-element elementor-element-a16cd38 elementor-section-boxed elementor-section-height-default elementor-section-height-default\" data-id=\"a16cd38\" data-element_type=\"section\" data-e-type=\"section\">\n\t\t\t\t\t\t<div class=\"elementor-container elementor-column-gap-default\">\n\t\t\t\t\t<div class=\"elementor-column elementor-col-100 elementor-top-column elementor-element elementor-element-fe730ef\" data-id=\"fe730ef\" data-element_type=\"column\" data-e-type=\"column\">\n\t\t\t<div class=\"elementor-widget-wrap elementor-element-populated\">\n\t\t\t\t\t\t<div class=\"elementor-element elementor-element-50b28e1 elementor-widget elementor-widget-cz_gap\" data-id=\"50b28e1\" data-element_type=\"widget\" data-e-type=\"widget\" data-widget_type=\"cz_gap.default\">\n\t\t\t\t<div class=\"elementor-widget-container\">\n\t\t\t\t\t<div class=\"cz_gap clr\"><\/div>\t\t\t\t<\/div>\n\t\t\t\t<\/div>\n\t\t\t\t\t<\/div>\n\t\t<\/div>\n\t\t\t\t\t<\/div>\n\t\t<\/section>\n\t\t\t\t<section class=\"elementor-section elementor-top-section elementor-element elementor-element-421b73d elementor-section-boxed elementor-section-height-default elementor-section-height-default\" data-id=\"421b73d\" data-element_type=\"section\" data-e-type=\"section\">\n\t\t\t\t\t\t<div class=\"elementor-container elementor-column-gap-default\">\n\t\t\t\t\t<div class=\"elementor-column elementor-col-33 elementor-top-column elementor-element elementor-element-72bba2c\" data-id=\"72bba2c\" data-element_type=\"column\" data-e-type=\"column\">\n\t\t\t<div class=\"elementor-widget-wrap elementor-element-populated\">\n\t\t\t\t\t\t<div class=\"elementor-element elementor-element-122ff3a elementor-widget elementor-widget-cz_title\" data-id=\"122ff3a\" data-element_type=\"widget\" data-e-type=\"widget\" data-widget_type=\"cz_title.default\">\n\t\t\t\t<div class=\"elementor-widget-container\">\n\t\t\t\t\t\t\r\n\t\t<div>\r\n\t\t\t<div class=\"cz_title clr cz_mobile_text_center cz_title_has_icon cz_title_pos_inline\"><a href=\"mailto:support@yoursite.com\"><div class=\"cz_title_content\"><i class=\"cz_title_icon_before fa fa-envelope\"><\/i><div class=\"cz_wpe_content\"><h4><span style=\"font-size: 24px;\">Support<\/span><\/h4><p>info@ramoclinic.net<\/p><\/div><\/div><\/a><\/div>\r\n\t\t<\/div>\r\n\t\t\r\n\t\t\t\t\t\t<\/div>\n\t\t\t\t<\/div>\n\t\t\t\t<div class=\"elementor-element elementor-element-623df13 elementor-widget elementor-widget-cz_gap\" data-id=\"623df13\" data-element_type=\"widget\" data-e-type=\"widget\" data-widget_type=\"cz_gap.default\">\n\t\t\t\t<div class=\"elementor-widget-container\">\n\t\t\t\t\t<div class=\"cz_gap clr\"><\/div>\t\t\t\t<\/div>\n\t\t\t\t<\/div>\n\t\t\t\t\t<\/div>\n\t\t<\/div>\n\t\t\t\t<div class=\"elementor-column elementor-col-33 elementor-top-column elementor-element elementor-element-18e0da5\" data-id=\"18e0da5\" data-element_type=\"column\" data-e-type=\"column\">\n\t\t\t<div class=\"elementor-widget-wrap elementor-element-populated\">\n\t\t\t\t\t\t<div class=\"elementor-element elementor-element-1856f1a elementor-widget elementor-widget-cz_title\" data-id=\"1856f1a\" data-element_type=\"widget\" data-e-type=\"widget\" data-widget_type=\"cz_title.default\">\n\t\t\t\t<div class=\"elementor-widget-container\">\n\t\t\t\t\t\t\r\n\t\t<div>\r\n\t\t\t<div class=\"cz_title clr cz_mobile_text_center cz_title_has_icon cz_title_pos_inline\"><a href=\"tel:0018183334455\"><div class=\"cz_title_content\"><i class=\"cz_title_icon_before fa fa-volume-control-phone\"><\/i><div class=\"cz_wpe_content\"><h4><span style=\"font-size: 24px;\">Phone<\/span><\/h4><p>You can contact us 24\/7<\/p><p><span style=\"color: #666666;\">+90 (534) 930 0322<\/span><\/p><\/div><\/div><\/a><\/div>\r\n\t\t<\/div>\r\n\t\t\r\n\t\t\t\t\t\t<\/div>\n\t\t\t\t<\/div>\n\t\t\t\t<div class=\"elementor-element elementor-element-c227173 elementor-widget elementor-widget-cz_gap\" data-id=\"c227173\" data-element_type=\"widget\" data-e-type=\"widget\" data-widget_type=\"cz_gap.default\">\n\t\t\t\t<div class=\"elementor-widget-container\">\n\t\t\t\t\t<div class=\"cz_gap clr\"><\/div>\t\t\t\t<\/div>\n\t\t\t\t<\/div>\n\t\t\t\t\t<\/div>\n\t\t<\/div>\n\t\t\t\t<div class=\"elementor-column elementor-col-33 elementor-top-column elementor-element elementor-element-d6347d7\" data-id=\"d6347d7\" data-element_type=\"column\" data-e-type=\"column\">\n\t\t\t<div class=\"elementor-widget-wrap elementor-element-populated\">\n\t\t\t\t\t\t<div class=\"elementor-element elementor-element-37f331f elementor-widget elementor-widget-cz_title\" data-id=\"37f331f\" data-element_type=\"widget\" data-e-type=\"widget\" data-widget_type=\"cz_title.default\">\n\t\t\t\t<div class=\"elementor-widget-container\">\n\t\t\t\t\t\t\r\n\t\t<div>\r\n\t\t\t<div class=\"cz_title clr cz_mobile_text_center cz_title_has_icon cz_title_pos_inline\"><a href=\"tel:0018183334455\"><div class=\"cz_title_content\"><i class=\"cz_title_icon_before fa fa-map-marker\"><\/i><div class=\"cz_wpe_content\"><h4><span style=\"font-size: 24px;\">Address<\/span><\/h4><p>Telsiz mah. KARANF\u0130L SK. NO: 1 \u0130\u00c7 KAPI NO: 4 ZEYT\u0130NBURNU \/ \u0130STANBUL<\/p><\/div><\/div><\/a><\/div>\r\n\t\t<\/div>\r\n\t\t\r\n\t\t\t\t\t\t<\/div>\n\t\t\t\t<\/div>\n\t\t\t\t<div class=\"elementor-element elementor-element-09b9b85 elementor-widget elementor-widget-cz_gap\" data-id=\"09b9b85\" data-element_type=\"widget\" data-e-type=\"widget\" data-widget_type=\"cz_gap.default\">\n\t\t\t\t<div class=\"elementor-widget-container\">\n\t\t\t\t\t<div class=\"cz_gap clr\"><\/div>\t\t\t\t<\/div>\n\t\t\t\t<\/div>\n\t\t\t\t\t<\/div>\n\t\t<\/div>\n\t\t\t\t\t<\/div>\n\t\t<\/section>\n\t\t\t\t<section class=\"elementor-section elementor-top-section elementor-element elementor-element-c125284 elementor-section-content-middle elementor-section-boxed elementor-section-height-default elementor-section-height-default\" data-id=\"c125284\" data-element_type=\"section\" data-e-type=\"section\">\n\t\t\t\t\t\t<div class=\"elementor-container elementor-column-gap-default\">\n\t\t\t\t\t<div class=\"elementor-column elementor-col-66 elementor-top-column elementor-element elementor-element-3dcc45b\" data-id=\"3dcc45b\" data-element_type=\"column\" data-e-type=\"column\">\n\t\t\t<div class=\"elementor-widget-wrap elementor-element-populated\">\n\t\t\t\t\t\t<div class=\"elementor-element elementor-element-1d64e34 elementor-widget elementor-widget-cz_gap\" data-id=\"1d64e34\" data-element_type=\"widget\" data-e-type=\"widget\" data-widget_type=\"cz_gap.default\">\n\t\t\t\t<div class=\"elementor-widget-container\">\n\t\t\t\t\t<div class=\"cz_gap clr\"><\/div>\t\t\t\t<\/div>\n\t\t\t\t<\/div>\n\t\t\t\t<div class=\"elementor-element elementor-element-00306b1 elementor-widget elementor-widget-cz_title\" data-id=\"00306b1\" data-element_type=\"widget\" data-e-type=\"widget\" data-widget_type=\"cz_title.default\">\n\t\t\t\t<div class=\"elementor-widget-container\">\n\t\t\t\t\t\t\r\n\t\t<div>\r\n\t\t\t<div class=\"cz_title clr cz_mobile_text_center cz_title_pos_inline\"><div class=\"cz_title_shape shape_image cz_shape_1\"><img decoding=\"async\" width=\"180\" height=\"130\" src=\"data:image\/svg+xml,%3Csvg%20xmlns%3D&#39;http%3A%2F%2Fwww.w3.org%2F2000%2Fsvg&#39;%20width=&#39;180&#39;%20height=&#39;130&#39;%20viewBox%3D&#39;0%200%20180%20130&#39;%2F%3E\" data-czlz data-src=\"https:\/\/ramoclinic.net\/wp-content\/uploads\/2019\/09\/heart.png\" class=\"attachment-full size-full wp-image-1191\" alt=\"\" \/><\/div><div class=\"cz_title_content\"><div class=\"cz_wpe_content\"><h3><span style=\"font-size: 48px; color: #ffffff;\">Get in touch with us<\/span><\/h3><\/div><\/div><\/div>\r\n\t\t<\/div>\r\n\t\t\r\n\t\t\t\t\t\t<\/div>\n\t\t\t\t<\/div>\n\t\t\t\t<div class=\"elementor-element elementor-element-398cb7c elementor-widget elementor-widget-cz_gap\" data-id=\"398cb7c\" data-element_type=\"widget\" data-e-type=\"widget\" data-widget_type=\"cz_gap.default\">\n\t\t\t\t<div class=\"elementor-widget-container\">\n\t\t\t\t\t<div class=\"cz_gap clr\"><\/div>\t\t\t\t<\/div>\n\t\t\t\t<\/div>\n\t\t\t\t<div class=\"elementor-element elementor-element-40ae3cb elementor-widget elementor-widget-cz_contact_form_7\" data-id=\"40ae3cb\" data-element_type=\"widget\" data-e-type=\"widget\" data-widget_type=\"cz_contact_form_7.default\">\n\t\t\t\t<div class=\"elementor-widget-container\">\n\t\t\t\t\t\t\t<div class=\"cz_cf7 clr\">\r\n\t\t\t<div>\n<div class=\"wpcf7 no-js\" id=\"wpcf7-f1258-o1\" lang=\"en-US\" dir=\"ltr\" data-wpcf7-id=\"1258\">\n<div class=\"screen-reader-response\"><p role=\"status\" aria-live=\"polite\" aria-atomic=\"true\"><\/p> <ul><\/ul><\/div>\n<form action=\"\/en\/wp-json\/wp\/v2\/pages\/17#wpcf7-f1258-o1\" method=\"post\" class=\"wpcf7-form init\" aria-label=\"Contact form\" novalidate=\"novalidate\" data-status=\"init\">\n<div style=\"display: none;\">\n<input type=\"hidden\" name=\"_wpcf7\" value=\"1258\" \/>\n<input type=\"hidden\" name=\"_wpcf7_version\" value=\"6.0.6\" \/>\n<input type=\"hidden\" name=\"_wpcf7_locale\" value=\"en_US\" \/>\n<input type=\"hidden\" name=\"_wpcf7_unit_tag\" value=\"wpcf7-f1258-o1\" \/>\n<input type=\"hidden\" name=\"_wpcf7_container_post\" value=\"0\" \/>\n<input type=\"hidden\" name=\"_wpcf7_posted_data_hash\" value=\"\" \/>\n<\/div>\n<p><label> Full name<br \/>\n<span class=\"wpcf7-form-control-wrap\" data-name=\"your-name\"><input size=\"40\" maxlength=\"400\" class=\"wpcf7-form-control wpcf7-text wpcf7-validates-as-required\" aria-required=\"true\" aria-invalid=\"false\" value=\"\" type=\"text\" name=\"your-name\" \/><\/span> <\/label>\n<\/p>\n<p><label> Phone<br \/>\n<span class=\"wpcf7-form-control-wrap\" data-name=\"your-phone\"><input size=\"40\" maxlength=\"400\" class=\"wpcf7-form-control wpcf7-tel wpcf7-validates-as-required wpcf7-text wpcf7-validates-as-tel\" aria-required=\"true\" aria-invalid=\"false\" value=\"\" type=\"tel\" name=\"your-phone\" \/><\/span> <\/label>\n<\/p>\n<p><label> Date<br \/>\n<span class=\"wpcf7-form-control-wrap\" data-name=\"your-date\"><input class=\"wpcf7-form-control wpcf7-date wpcf7-validates-as-required wpcf7-validates-as-date\" aria-required=\"true\" aria-invalid=\"false\" value=\"\" type=\"date\" name=\"your-date\" \/><\/span> <\/label>\n<\/p>\n<p><label> Type of surgery<br \/>\n<span class=\"wpcf7-form-control-wrap\" data-name=\"your-sickness\"><input size=\"40\" maxlength=\"400\" class=\"wpcf7-form-control wpcf7-text\" aria-invalid=\"false\" value=\"\" type=\"text\" name=\"your-sickness\" \/><\/span> <\/label>\n<\/p>\n<p><label> Surgery Explanation<br \/>\n<span class=\"wpcf7-form-control-wrap\" data-name=\"your-message\"><textarea cols=\"40\" rows=\"10\" maxlength=\"2000\" class=\"wpcf7-form-control wpcf7-textarea\" aria-invalid=\"false\" name=\"your-message\"><\/textarea><\/span> <\/label>\n<\/p>\n<p><input class=\"wpcf7-form-control wpcf7-submit has-spinner\" type=\"submit\" value=\"Send request\" \/>\n<\/p><div class=\"wpcf7-response-output\" aria-hidden=\"true\"><\/div>\n<\/form>\n<\/div>\n<\/div>\r\n\t\t<\/div>\r\n\t\t\t\t\t\t<\/div>\n\t\t\t\t<\/div>\n\t\t\t\t\t<\/div>\n\t\t<\/div>\n\t\t\t\t<div class=\"elementor-column elementor-col-33 elementor-top-column elementor-element elementor-element-7925290\" data-id=\"7925290\" data-element_type=\"column\" data-e-type=\"column\">\n\t\t\t<div class=\"elementor-widget-wrap elementor-element-populated\">\n\t\t\t\t\t\t<div class=\"elementor-element elementor-element-41cff7a elementor-widget elementor-widget-cz_google_map\" data-id=\"41cff7a\" data-element_type=\"widget\" data-e-type=\"widget\" data-widget_type=\"cz_google_map.default\">\n\t\t\t\t<div class=\"elementor-widget-container\">\n\t\t\t\t\t<div id=\"cz8787\" class=\"gmap\" data-api-key=\"AIzaSyD4XsBFAIKx6MDziuJPoElIj-zs5n5q2_g\"> <\/div><script>\r\n\t\t\tfunction mapfucntion_cz8787() {\r\n\r\n\t\t\t\tgoogle.maps.Map.prototype.setCenterWithOffset= function(latlng, offsetX, offsetY) {\r\n\t\t\t\t\tvar map = this;\r\n\t\t\t\t\tvar ov = new google.maps.OverlayView();\r\n\t\t\t\t\tov.onAdd = function() {\r\n\t\t\t\t\t\tvar proj = this.getProjection();\r\n\t\t\t\t\t\tvar aPoint = proj.fromLatLngToContainerPixel(latlng);\r\n\t\t\t\t\t\taPoint.x = aPoint.x+offsetX;\r\n\t\t\t\t\t\taPoint.y = aPoint.y+offsetY;\r\n\t\t\t\t\t\tmap.setCenter(proj.fromContainerPixelToLatLng(aPoint));\r\n\t\t\t\t\t}; \r\n\t\t\t\t\tov.draw = function() {}; \r\n\t\t\t\t\tov.setMap(this); \r\n\t\t\t\t};\r\n\r\n\t\t\t\tvar windx = jQuery(window), \r\n\r\n\t\t\t\t\tlatlng = new google.maps.LatLng(41.040574168214064 , 28.82556867085838),\r\n\r\n\t\t\t\t\tmyOptions = {\r\n\t\t\t\t\t\tzoom: 14,\r\n\t\t\t\t\t\tscrollwheel: false,\r\n\t\t\t\t\t\tdisableDefaultUI: false,\r\n\t\t\t\t\t\tcenter: latlng\r\n\t\t\t\t\t},\r\n\r\n\t\t\t\t\tcz8787 = new google.maps.Map(document.getElementById(\"cz8787\"),\r\n\t\t\t\t\tmyOptions),\r\n\r\n\t\t\t\t\tsetCenterOffset = function() {\r\n\r\n\t\t\t\t\t\tif ( windx.width() < 768 ) {\r\n\t\t\t\t\t\t\tcz8787.setCenterWithOffset( latlng, 0, 0 );\r\n\t\t\t\t\t\t} else {\r\n\t\t\t\t\t\t\tcz8787.setCenterWithOffset( latlng, 0, 0 );\r\n\t\t\t\t\t\t}\r\n\r\n\t\t\t\t\t};\r\n\r\n\t\t\t\tsetCenterOffset();\r\n\r\n\t\t\t\twindx.on( \"resize\", function() {\r\n\t\t\t\t\tsetCenterOffset();\r\n\t\t\t\t});\r\n\t\t\tvar styles = [{\"featureType\": \"all\",stylers: [{ hue: \"#285bbb\" },{ saturation: -20}]}];var styledMap = new google.maps.StyledMapType(styles,{name: \"Styled Map\"});cz8787.mapTypes.set(\"map_style\", styledMap);  cz8787.setMapTypeId(\"map_style\");var marker = new google.maps.Marker({map: cz8787,position: cz8787.getCenter()});\r\n\t\t\tvar contentString = '<div class=\"infowindow\" style=\"white-space:nowrap\">Xtra WordPress Office<\/div>';\r\n\t\t\tvar infowindow = new google.maps.InfoWindow({\r\n\t\t\t\tcontent: contentString\r\n\t\t\t});\r\n\t\t\t\t\t\t\r\n\t\t\tgoogle.maps.event.addListener(marker, 'click', function() {\r\n\t\t\t  infowindow.open(cz8787,marker);\r\n\t\t\t});\r\n\t\t\t}<\/script>\t\t\t\t<\/div>\n\t\t\t\t<\/div>\n\t\t\t\t\t<\/div>\n\t\t<\/div>\n\t\t\t\t\t<\/div>\n\t\t<\/section>\n\t\t\t\t<section class=\"elementor-section elementor-top-section elementor-element elementor-element-c1bb731 elementor-section-boxed elementor-section-height-default elementor-section-height-default\" data-id=\"c1bb731\" data-element_type=\"section\" data-e-type=\"section\">\n\t\t\t\t\t\t<div class=\"elementor-container elementor-column-gap-default\">\n\t\t\t\t\t<div class=\"elementor-column elementor-col-100 elementor-top-column elementor-element elementor-element-0af32b1\" data-id=\"0af32b1\" data-element_type=\"column\" data-e-type=\"column\">\n\t\t\t<div class=\"elementor-widget-wrap elementor-element-populated\">\n\t\t\t\t\t\t<div class=\"elementor-element elementor-element-1f2b3ba elementor-widget elementor-widget-cz_gap\" data-id=\"1f2b3ba\" data-element_type=\"widget\" data-e-type=\"widget\" data-widget_type=\"cz_gap.default\">\n\t\t\t\t<div class=\"elementor-widget-container\">\n\t\t\t\t\t<div class=\"cz_gap clr\"><\/div>\t\t\t\t<\/div>\n\t\t\t\t<\/div>\n\t\t\t\t\t<\/div>\n\t\t<\/div>\n\t\t\t\t\t<\/div>\n\t\t<\/section>\n\t\t\t\t<\/div>\n\t\t","protected":false},"excerpt":{"rendered":"<p>Support info@ramoclinic.net Phone You can contact us 24\/7 +90 (534) 930 &#8230; <\/p>\n","protected":false},"author":1,"featured_media":0,"parent":0,"menu_order":0,"comment_status":"closed","ping_status":"closed","template":"","meta":{"footnotes":""},"class_list":["post-17","page","type-page","status-publish","hentry"],"_links":{"self":[{"href":"https:\/\/ramoclinic.net\/en\/wp-json\/wp\/v2\/pages\/17"}],"collection":[{"href":"https:\/\/ramoclinic.net\/en\/wp-json\/wp\/v2\/pages"}],"about":[{"href":"https:\/\/ramoclinic.net\/en\/wp-json\/wp\/v2\/types\/page"}],"author":[{"embeddable":true,"href":"https:\/\/ramoclinic.net\/en\/wp-json\/wp\/v2\/users\/1"}],"replies":[{"embeddable":true,"href":"https:\/\/ramoclinic.net\/en\/wp-json\/wp\/v2\/comments?post=17"}],"version-history":[{"count":15,"href":"https:\/\/ramoclinic.net\/en\/wp-json\/wp\/v2\/pages\/17\/revisions"}],"predecessor-version":[{"id":2522,"href":"https:\/\/ramoclinic.net\/en\/wp-json\/wp\/v2\/pages\/17\/revisions\/2522"}],"wp:attachment":[{"href":"https:\/\/ramoclinic.net\/en\/wp-json\/wp\/v2\/media?parent=17"}],"curies":[{"name":"wp","href":"https:\/\/api.w.org\/{rel}","templated":true}]}}